{"id":1815,"date":"2024-02-21T14:20:54","date_gmt":"2024-02-21T14:20:54","guid":{"rendered":"https:\/\/www.metsanteknik.com\/urun\/mt12-hidrolik-hortum-presi\/"},"modified":"2024-12-30T11:00:16","modified_gmt":"2024-12-30T11:00:16","slug":"mt12-hidrolik-hortum-presi","status":"publish","type":"product","link":"https:\/\/www.metsanteknik.com\/de\/produkt\/mt12-hidrolik-hortum-presi\/","title":{"rendered":"MT 12-Hydraulische Schlauchpresse"},"content":{"rendered":"<ul>\n<li>130 Tonnen Spannkraft<\/li>\n<li>3\/16\u2033-1\u2033 4 SH-Schl\u00e4uche 1 1\/4\u201c 1SN-Schlauch<\/li>\n<li>Max. \u00d6ffnungsdurchmesser +17,5 mm<\/li>\n<li>4 kW Elektromotor<\/li>\n<li>digitale Steuerung<\/li>\n<li>Automatische und manuelle Verwendung<\/li>\n<li>F\u00fcr jede Form konzipiertes Regalsystem<\/li>\n<li>Anzahl Crimpeins\u00e4tze: 7 S\u00e4tze<\/li>\n<li>Einfache Vorrichtung zum Formenwechsel<\/li>\n<li>Maschinenabmessungen: Breite 60 cm, L\u00e4nge 50 cm, L\u00e4nge 60 cm<\/li>\n<li>Gewicht 250kg<\/li>\n<\/ul>\n<p><strong> <\/strong>Hydraulische Schlauch-Crimppressmaschine, Modell METflex MT12; Es wird zum Befestigen von Schl\u00e4uchen, Klimaanlagenschl\u00e4uchen, Lenkschl\u00e4uchen, Bremsschl\u00e4uchen, Hydraulikverbindungen und Stahlseilen hergestellt.<\/p>\n<p>Wir fertigen Crimpformen in der von Ihnen gew\u00fcnschten Form und im Durchmesser, die Sie in unseren METflex Press-Maschinen verwenden k\u00f6nnen.<\/p>\n<p><iframe title=\"Hortum  Presi -  Hose crimper  \/ MET flex\" width=\"1000\" height=\"563\" src=\"https:\/\/www.youtube.com\/embed\/ZN8W_ZF3iFk?feature=oembed\" frameborder=\"0\" allow=\"accelerometer; autoplay; clipboard-write; encrypted-media; gyroscope; picture-in-picture; web-share\" referrerpolicy=\"strict-origin-when-cross-origin\" allowfullscreen><\/iframe><\/p>\n","protected":false},"excerpt":{"rendered":"<p>130 Tonnen Spannkraft 3\/16\u2033-1\u2033 4 SH-Schl\u00e4uche 1 1\/4\u201c 1SN-Schlauch Max. \u00d6ffnungsdurchmesser +17,5 mm 4 kW Elektromotor digitale Steuerung Automatische und manuelle Verwendung [&hellip;]<\/p>\n","protected":false},"featured_media":1752,"comment_status":"open","ping_status":"closed","template":"","meta":{"_acf_changed":false},"product_cat":[151,164],"product_tag":[],"class_list":{"0":"post-1815","1":"product","2":"type-product","3":"status-publish","4":"has-post-thumbnail","6":"product_cat-produkte-de","7":"product_cat-schlauchquetschmaschine-de","9":"first","10":"instock","11":"shipping-taxable","12":"product-type-external"},"acf":[],"_links":{"self":[{"href":"https:\/\/www.metsanteknik.com\/de\/wp-json\/wp\/v2\/product\/1815","targetHints":{"allow":["GET"]}}],"collection":[{"href":"https:\/\/www.metsanteknik.com\/de\/wp-json\/wp\/v2\/product"}],"about":[{"href":"https:\/\/www.metsanteknik.com\/de\/wp-json\/wp\/v2\/types\/product"}],"replies":[{"embeddable":true,"href":"https:\/\/www.metsanteknik.com\/de\/wp-json\/wp\/v2\/comments?post=1815"}],"wp:featuredmedia":[{"embeddable":true,"href":"https:\/\/www.metsanteknik.com\/de\/wp-json\/wp\/v2\/media\/1752"}],"wp:attachment":[{"href":"https:\/\/www.metsanteknik.com\/de\/wp-json\/wp\/v2\/media?parent=1815"}],"wp:term":[{"taxonomy":"product_cat","embeddable":true,"href":"https:\/\/www.metsanteknik.com\/de\/wp-json\/wp\/v2\/product_cat?post=1815"},{"taxonomy":"product_tag","embeddable":true,"href":"https:\/\/www.metsanteknik.com\/de\/wp-json\/wp\/v2\/product_tag?post=1815"}],"curies":[{"name":"wp","href":"https:\/\/api.w.org\/{rel}","templated":true}]}}