{"id":1803,"date":"2024-02-21T14:20:55","date_gmt":"2024-02-21T14:20:55","guid":{"rendered":"https:\/\/www.metsanteknik.com\/urun\/mt-55-hortum-sikma-presi-10\/"},"modified":"2024-12-30T12:32:58","modified_gmt":"2024-12-30T12:32:58","slug":"mt-55-hortum-sikma-presi-10","status":"publish","type":"product","link":"https:\/\/www.metsanteknik.com\/de\/produkt\/mt-55-hortum-sikma-presi-10\/","title":{"rendered":"MT 55 Schlauch- und Rohrcrimpmaschine 10 Zoll"},"content":{"rendered":"<ul>\n<li>10\u2033 Schlauch- und Rohrpressmaschine<\/li>\n<li>550 Tonnen Spannkraft<\/li>\n<li>SPS 7\u2033 Touch-Farbbildschirmsteuerung<\/li>\n<li>Schlauchabmessungen k\u00f6nnen erfasst werden.<\/li>\n<li>Crimpt Schl\u00e4uche und Rohre bis zu 10 Zoll<\/li>\n<li>11 kW Elektromotor<\/li>\n<li>Klemmt bis Au\u00dfendurchmesser 300 mm<\/li>\n<li>Hauptforml\u00e4nge 200 mm<\/li>\n<li>Maximaler \u00d6ffnungsdurchmesser 400 mm<\/li>\n<li>Einfache Vorrichtung zum Formenwechsel<\/li>\n<li>Automatische und manuelle Verwendung<\/li>\n<li>Speziell entwickelter Formenst\u00e4nder f\u00fcr jede Form<\/li>\n<li>Bedienung mit Fu\u00dfpedal<\/li>\n<li>Eine Serienmaschine, die einfach zu bedienen ist<\/li>\n<li>Maschinengewicht 3000 kg<\/li>\n<\/ul>\n<p>OPTION<\/p>\n<p>-\u00d6lk\u00fchler<\/p>\n<p>Hydraulische Crimppresse f\u00fcr Schl\u00e4uche und Rohre, Modell METflex MT55; Es ist zum Crimpen von Hochdruck-Hydraulikschl\u00e4uchen, Industrieschl\u00e4uchen oder Verbundschl\u00e4uchen und -rohren konzipiert. Es wird zum Crimpen von Hochdruckschl\u00e4uchen, Hydraulikarmaturen, Rohren, Stahlseilen und Luftfederb\u00e4lgen hergestellt. Wir produzieren Crimpformen in der Form und im Durchmesser, die Sie f\u00fcr die Verwendung in unseren METflex-Pressmaschinen ben\u00f6tigen.<\/p>\n<p><iframe title=\"Hortum ve Boru Presi- Hose &amp; Pipe Crimping machine \/Big crimper \/ #hosecrimper\" width=\"1000\" height=\"563\" src=\"https:\/\/www.youtube.com\/embed\/7Bm0HbAt0FI?feature=oembed\" frameborder=\"0\" allow=\"accelerometer; autoplay; clipboard-write; encrypted-media; gyroscope; picture-in-picture; web-share\" referrerpolicy=\"strict-origin-when-cross-origin\" allowfullscreen><\/iframe><\/p>\n","protected":false},"excerpt":{"rendered":"<p>10\u2033 Schlauch- und Rohrpressmaschine 550 Tonnen Spannkraft SPS 7\u2033 Touch-Farbbildschirmsteuerung Schlauchabmessungen k\u00f6nnen erfasst werden. Crimpt Schl\u00e4uche und Rohre bis zu 10 Zoll [&hellip;]<\/p>\n","protected":false},"featured_media":1767,"comment_status":"open","ping_status":"closed","template":"","meta":{"_acf_changed":false},"product_cat":[151,164],"product_tag":[],"class_list":{"0":"post-1803","1":"product","2":"type-product","3":"status-publish","4":"has-post-thumbnail","6":"product_cat-produkte-de","7":"product_cat-schlauchquetschmaschine-de","9":"first","10":"instock","11":"shipping-taxable","12":"product-type-external"},"acf":[],"_links":{"self":[{"href":"https:\/\/www.metsanteknik.com\/de\/wp-json\/wp\/v2\/product\/1803","targetHints":{"allow":["GET"]}}],"collection":[{"href":"https:\/\/www.metsanteknik.com\/de\/wp-json\/wp\/v2\/product"}],"about":[{"href":"https:\/\/www.metsanteknik.com\/de\/wp-json\/wp\/v2\/types\/product"}],"replies":[{"embeddable":true,"href":"https:\/\/www.metsanteknik.com\/de\/wp-json\/wp\/v2\/comments?post=1803"}],"wp:featuredmedia":[{"embeddable":true,"href":"https:\/\/www.metsanteknik.com\/de\/wp-json\/wp\/v2\/media\/1767"}],"wp:attachment":[{"href":"https:\/\/www.metsanteknik.com\/de\/wp-json\/wp\/v2\/media?parent=1803"}],"wp:term":[{"taxonomy":"product_cat","embeddable":true,"href":"https:\/\/www.metsanteknik.com\/de\/wp-json\/wp\/v2\/product_cat?post=1803"},{"taxonomy":"product_tag","embeddable":true,"href":"https:\/\/www.metsanteknik.com\/de\/wp-json\/wp\/v2\/product_tag?post=1803"}],"curies":[{"name":"wp","href":"https:\/\/api.w.org\/{rel}","templated":true}]}}