{"id":1799,"date":"2024-02-21T14:20:55","date_gmt":"2024-02-21T14:20:55","guid":{"rendered":"https:\/\/www.metsanteknik.com\/urun\/mt-35-hidrolik-hortum-presi\/"},"modified":"2024-12-30T12:26:03","modified_gmt":"2024-12-30T12:26:03","slug":"mt-35-hidrolik-hortum-presi","status":"publish","type":"product","link":"https:\/\/www.metsanteknik.com\/de\/produkt\/mt-35-hidrolik-hortum-presi\/","title":{"rendered":"MT 35-Hydraulische Schlauchpresse"},"content":{"rendered":"<ul>\n<li>6\u2033 Schlauch- und Rohrpressmaschine<\/li>\n<li>350 Tonnen Spannkraft<\/li>\n<li>SPS 7\u2033 Touch-Farbbildschirmsteuerung<\/li>\n<li>Schlauchabmessungen k\u00f6nnen erfasst werden.<\/li>\n<li>3\/16\u2033-2 1\/2\u2033 R1-R2-4SH-R15 Schl\u00e4uche<\/li>\n<li>Crimpt 3\u2033- 4\u2033- 5\u2033- 6\u2033 Industrieschl\u00e4uche<\/li>\n<li>7,5 kW Elektromotor<\/li>\n<li>Spannkapazit\u00e4t bis Au\u00dfendurchmesser 200 mm<\/li>\n<li>Hauptforml\u00e4nge 150 mm<\/li>\n<li>Maximaler \u00d6ffnungsdurchmesser 300 mm<\/li>\n<li>Einfache Vorrichtung zum Formenwechsel<\/li>\n<li>Automatische und manuelle Verwendung<\/li>\n<li>Speziell entwickelter Formenst\u00e4nder f\u00fcr jede Form<\/li>\n<li>Bedienung mit Fu\u00dfpedal<\/li>\n<li>Eine Serienmaschine, die einfach zu bedienen ist<\/li>\n<\/ul>\n<p>OPTION<\/p>\n<p>-\u00d6lk\u00fchler<\/p>\n<p>METflex MT35-Modell, hydraulische Schlauch- und Rohr-Crimppresse; Es ist f\u00fcr die Herstellung von Industrieschl\u00e4uchen oder Verbundschl\u00e4uchen konzipiert. Es wird zum Crimpen von Schl\u00e4uchen, Hydraulikarmaturen, Rohren, Seilen und Luftfederb\u00e4lgen hergestellt. Wir produzieren Crimpformen in der Form und im Durchmesser, die Sie in unserer METflex-Presse verwenden m\u00f6chten Maschinen.<\/p>\n<p><iframe title=\"Hidrolik Hortum Presi-Hydraulic Hose Crimping  METflex MT35\" width=\"1000\" height=\"563\" src=\"https:\/\/www.youtube.com\/embed\/O5B5g_GkUpo?feature=oembed\" frameborder=\"0\" allow=\"accelerometer; autoplay; clipboard-write; encrypted-media; gyroscope; picture-in-picture; web-share\" referrerpolicy=\"strict-origin-when-cross-origin\" allowfullscreen><\/iframe><\/p>\n<p>&nbsp;<\/p>\n","protected":false},"excerpt":{"rendered":"<p>6\u2033 Schlauch- und Rohrpressmaschine 350 Tonnen Spannkraft SPS 7\u2033 Touch-Farbbildschirmsteuerung Schlauchabmessungen k\u00f6nnen erfasst werden. 3\/16\u2033-2 1\/2\u2033 R1-R2-4SH-R15 Schl\u00e4uche Crimpt 3\u2033- 4\u2033- 5\u2033- [&hellip;]<\/p>\n","protected":false},"featured_media":1762,"comment_status":"open","ping_status":"closed","template":"","meta":{"_acf_changed":false},"product_cat":[151,164],"product_tag":[],"class_list":{"0":"post-1799","1":"product","2":"type-product","3":"status-publish","4":"has-post-thumbnail","6":"product_cat-produkte-de","7":"product_cat-schlauchquetschmaschine-de","9":"first","10":"instock","11":"shipping-taxable","12":"product-type-external"},"acf":[],"_links":{"self":[{"href":"https:\/\/www.metsanteknik.com\/de\/wp-json\/wp\/v2\/product\/1799","targetHints":{"allow":["GET"]}}],"collection":[{"href":"https:\/\/www.metsanteknik.com\/de\/wp-json\/wp\/v2\/product"}],"about":[{"href":"https:\/\/www.metsanteknik.com\/de\/wp-json\/wp\/v2\/types\/product"}],"replies":[{"embeddable":true,"href":"https:\/\/www.metsanteknik.com\/de\/wp-json\/wp\/v2\/comments?post=1799"}],"wp:featuredmedia":[{"embeddable":true,"href":"https:\/\/www.metsanteknik.com\/de\/wp-json\/wp\/v2\/media\/1762"}],"wp:attachment":[{"href":"https:\/\/www.metsanteknik.com\/de\/wp-json\/wp\/v2\/media?parent=1799"}],"wp:term":[{"taxonomy":"product_cat","embeddable":true,"href":"https:\/\/www.metsanteknik.com\/de\/wp-json\/wp\/v2\/product_cat?post=1799"},{"taxonomy":"product_tag","embeddable":true,"href":"https:\/\/www.metsanteknik.com\/de\/wp-json\/wp\/v2\/product_tag?post=1799"}],"curies":[{"name":"wp","href":"https:\/\/api.w.org\/{rel}","templated":true}]}}