{"id":1805,"date":"2024-02-21T14:20:55","date_gmt":"2024-02-21T14:20:55","guid":{"rendered":"https:\/\/www.metsanteknik.com\/urun\/hortum-kesme-makinesi\/"},"modified":"2024-12-30T13:35:05","modified_gmt":"2024-12-30T13:35:05","slug":"hortum-kesme-makinesi","status":"publish","type":"product","link":"https:\/\/www.metsanteknik.com\/ar\/product\/hortum-kesme-makinesi\/","title":{"rendered":"\u0645\u0627\u0643\u064a\u0646\u0629 \u0642\u0637\u0639 \u0627\u0644\u062e\u0631\u0627\u0637\u064a\u0645"},"content":{"rendered":"<ul>\n<li><span style=\"font-family: 'Plus Jakarta Sans',serif; color: #6e7a84;\">\u0645\u0627\u0643\u064a\u0646\u0629 \u0642\u0637\u0639 \u0627\u0644\u062e\u0631\u0627\u0637\u064a\u0645 \u0627\u0644\u064a\u062f\u0648\u064a\u0629<\/span><\/li>\n<li><span style=\"color: #6e7a84; font-family: 'Plus Jakarta Sans', serif;\">\u064a\u0642\u0637\u0639 \u0627\u0644\u062e\u0631\u0627\u0637\u064a\u0645 \u062d\u062a\u0649 2 \u0628\u0648\u0635\u0629<\/span><\/li>\n<li><span style=\"color: #6e7a84; font-family: 'Plus Jakarta Sans', serif;\">\u0642\u0637\u0631 \u0627\u0644\u0645\u0646\u0634\u0627\u0631 400 \u0645\u0644\u0645<\/span><\/li>\n<\/ul>\n<p>&nbsp;<\/p>\n<p><iframe title=\"\u0642\u0637\u0639 \u0627\u0644\u062e\u0631\u0627\u0637\u064a\u0645 \u0648\u062a\u062c\u0631\u064a\u062f\u0647\u0627\" src=\"https:\/\/www.youtube.com\/embed\/dzCraKEKAkM\" width=\"1280\" height=\"720\" frameborder=\"0\" allowfullscreen=\"allowfullscreen\"><\/iframe><\/p>\n","protected":false},"excerpt":{"rendered":"<p>&#8216;-2 &#8220;&#8221; e kadar hortum kesme<\/p>\n<p>-A\u011f\u0131rl\u0131k 70 kg<\/p>\n","protected":false},"featured_media":1730,"comment_status":"open","ping_status":"closed","template":"","meta":{"_acf_changed":false},"product_cat":[156,150],"product_tag":[],"class_list":{"0":"post-1805","1":"product","2":"type-product","3":"status-publish","4":"has-post-thumbnail","6":"product_cat-hose-cutting-machine-ar","7":"product_cat-products-ar","9":"first","10":"instock","11":"shipping-taxable","12":"product-type-external"},"acf":[],"_links":{"self":[{"href":"https:\/\/www.metsanteknik.com\/ar\/wp-json\/wp\/v2\/product\/1805","targetHints":{"allow":["GET"]}}],"collection":[{"href":"https:\/\/www.metsanteknik.com\/ar\/wp-json\/wp\/v2\/product"}],"about":[{"href":"https:\/\/www.metsanteknik.com\/ar\/wp-json\/wp\/v2\/types\/product"}],"replies":[{"embeddable":true,"href":"https:\/\/www.metsanteknik.com\/ar\/wp-json\/wp\/v2\/comments?post=1805"}],"wp:featuredmedia":[{"embeddable":true,"href":"https:\/\/www.metsanteknik.com\/ar\/wp-json\/wp\/v2\/media\/1730"}],"wp:attachment":[{"href":"https:\/\/www.metsanteknik.com\/ar\/wp-json\/wp\/v2\/media?parent=1805"}],"wp:term":[{"taxonomy":"product_cat","embeddable":true,"href":"https:\/\/www.metsanteknik.com\/ar\/wp-json\/wp\/v2\/product_cat?post=1805"},{"taxonomy":"product_tag","embeddable":true,"href":"https:\/\/www.metsanteknik.com\/ar\/wp-json\/wp\/v2\/product_tag?post=1805"}],"curies":[{"name":"wp","href":"https:\/\/api.w.org\/{rel}","templated":true}]}}